{"id":1185,"date":"2020-07-18T08:57:09","date_gmt":"2020-07-18T06:57:09","guid":{"rendered":"https:\/\/gastrovalais.ch\/?page_id=1185"},"modified":"2020-07-18T12:32:30","modified_gmt":"2020-07-18T10:32:30","slug":"pourquoi-cette-mesure","status":"publish","type":"page","link":"https:\/\/gastrovalais.ch\/de\/pourquoi-cette-mesure\/","title":{"rendered":"Pourquoi cette mesure ?"},"content":{"rendered":"<h2>Pourquoi cette mesure ?<\/h2>\n\n\n<p><\/p>\n\n\n\n<p><\/p>\n\n\n\n<p><\/p>\n\n\n\n<p><strong>Auf Deutsch siehe unten<\/strong><br><br>La recrudescence de cas de Covid-19 sur le territoire cantonal suite au d\u00e9confinement place le Valais dans le peloton de t\u00eate des cantons avec le plus grand nombre de nouveaux cas rapport\u00e9 \u00e0 la taille de sa population. Plusieurs cas de super propagateurs ont \u00e9galement entra\u00een\u00e9 la mise en quarantaine de centaines de personnes ayant fr\u00e9quent\u00e9 les m\u00eames \u00e9tablissements, essentiellement des<br>discoth\u00e8ques ou des bars de nuit dans d\u2019autres cantons suisses.<br><br>Afin d\u2019\u00e9viter une augmentation de cas en Valais, il est apparu n\u00e9cessaire au Conseil d\u2019Etat de limiter le nombre de clients des \u00e9tablissements o\u00f9 le risque de transmission est \u00e9lev\u00e9 et de prendre leurs<br>coordonn\u00e9es de mani\u00e8re compl\u00e8te et fiable lorsque le respect de la distance sociale ne peut pas \u00eatre respect\u00e9.<\/p>\n\n\n\n<p> Cette mesure doit permettre d\u2019effectuer un tra\u00e7age efficace et veiller \u00e0 contenir ainsi la<br>propagation du virus.<br><br>Le Valais ne disposant pas dans sa l\u00e9gislation d\u2019une cat\u00e9gorisation d\u00e9taill\u00e9e des diff\u00e9rents types d\u2019\u00e9tablissements, le Conseil d\u2019Etat a retenu la notion d\u2019\u00e9tablissement disposant d\u2019une autorisation<br>permanente de fermer au-del\u00e0 de minuit au sens de la LHR pour identifier les \u00e9tablissements participant de l\u2019offre de vie nocturne, autrement dit les \u00e9tablissements dans lesquels le risque de<br>transmission est \u00e9lev\u00e9 de par la proximit\u00e9 entre les clients et l\u2019ambiance d\u00e9contract\u00e9e qui y r\u00e8gne.<br><br>Il convient de rappeler ici que tout \u00e9tablissement ou manifestation o\u00f9 il n\u2019est pas possible de faire respecter la distance requise en l\u2019absence de protection doit enregistrer les donn\u00e9es de ses clients.<br>(chiffre 4. de l\u2019annexe de l\u2019ordonnance Covid-19 du19.6.2020).<\/p>\n\n\n\n<p>Vorbemerkung<br>Wegen dem Wiederanstieg der COVID-19-F\u00e4lle im Kanton nach den Lockerungen der Massnahmen befindet sich das Wallis in der vordersten Gruppe der Kantone mit der h\u00f6chsten AnzahlNeuerkrankungen im Verh\u00e4ltnis zur Bev\u00f6lkerung.<br>Des Weiteren f\u00fchrten mehrere Superspreader-F\u00e4lle dazu, dass Hunderte von Personen, welche die gleichen Einrichtungen besuchten, unter Quarant\u00e4ne gestellt werden mussten.<br><br>In erster Linie handelte es sich um Diskotheken oder Nachtbars in anderen<br>Schweizer Kantonen.<br><br>Um einen Anstieg der positiven F\u00e4lle im Wallis zu vermeiden, erachtete es der Staatsrat f\u00fcr n\u00f6tig, die Zahl der Kunden in Betrieben mit einem hohen \u00dcbertragungsrisiko zu beschr\u00e4nken und ihre vollst\u00e4ndigen und verl\u00e4sslichen Kontaktdaten aufzunehmen, sofern der erforderliche Abstand nicht eingehalten werden kann.<br><br>Dank dieser Massnahme sollte ein effizientes Tracing und eine Eind\u00e4mmung der Ausbreitung des Virus m\u00f6glich sein.<br><br>Die Walliser Gesetzgebung weist keine detaillierte Kategorisierung der unterschiedlichen Betriebsarten auf. Aus diesem Grund nahm der Staatsrat den Begriff eines Betriebs mit einer Dauerbewilligung zur Schliessung nach Mitternacht im Sinne des GBB, um die Betriebe, die am Nachleben teilnehmen, zu identifizieren, oder mit anderen Worten die Betriebe, in denen das \u00dcbertragungsrisiko wegen der N\u00e4he unter den Kunden und der ausgelassenen Stimmung hoch ist.<br><br>An dieser Stelle muss daran erinnert werden, dass alle Betriebe oder Veranstaltungen, bei denen es<br>nicht m\u00f6glich ist, den verlangten Schutzabstand einzuhalten, die Kontaktdaten der Kunden erfassen<br>m\u00fcssen. (Ziffer 4 des Anhangs der CODIV-19-Verordnung vom 19.06.2020).<\/p>\n\n\n\n<p><\/p>\n\n\n\n<p><\/p>","protected":false},"excerpt":{"rendered":"<p>Pourquoi cette mesure ? Auf Deutsch siehe unten La recrudescence de cas de Covid-19 sur le territoire cantonal suite au d\u00e9confinement place le Valais dans le peloton de t\u00eate des cantons avec le plus grand nombre de nouveaux cas rapport\u00e9 \u00e0 la taille de sa population. Plusieurs cas de super propagateurs ont \u00e9galement entra\u00een\u00e9 la [&hellip;]<\/p>","protected":false},"author":1,"featured_media":0,"parent":0,"menu_order":0,"comment_status":"closed","ping_status":"closed","template":"","meta":{"_acf_changed":false,"footnotes":""},"class_list":["post-1185","page","type-page","status-publish","hentry"],"acf":[],"aioseo_notices":[],"_links":{"self":[{"href":"https:\/\/gastrovalais.ch\/de\/wp-json\/wp\/v2\/pages\/1185","targetHints":{"allow":["GET"]}}],"collection":[{"href":"https:\/\/gastrovalais.ch\/de\/wp-json\/wp\/v2\/pages"}],"about":[{"href":"https:\/\/gastrovalais.ch\/de\/wp-json\/wp\/v2\/types\/page"}],"author":[{"embeddable":true,"href":"https:\/\/gastrovalais.ch\/de\/wp-json\/wp\/v2\/users\/1"}],"replies":[{"embeddable":true,"href":"https:\/\/gastrovalais.ch\/de\/wp-json\/wp\/v2\/comments?post=1185"}],"version-history":[{"count":8,"href":"https:\/\/gastrovalais.ch\/de\/wp-json\/wp\/v2\/pages\/1185\/revisions"}],"predecessor-version":[{"id":1234,"href":"https:\/\/gastrovalais.ch\/de\/wp-json\/wp\/v2\/pages\/1185\/revisions\/1234"}],"wp:attachment":[{"href":"https:\/\/gastrovalais.ch\/de\/wp-json\/wp\/v2\/media?parent=1185"}],"curies":[{"name":"wp","href":"https:\/\/api.w.org\/{rel}","templated":true}]}}