{"id":1199,"date":"2020-07-18T09:24:44","date_gmt":"2020-07-18T07:24:44","guid":{"rendered":"https:\/\/gastrovalais.ch\/?page_id=1199"},"modified":"2020-07-18T12:01:15","modified_gmt":"2020-07-18T10:01:15","slug":"quelles-donnees-prendre","status":"publish","type":"page","link":"https:\/\/gastrovalais.ch\/de\/quelles-donnees-prendre\/","title":{"rendered":"Quelles donn\u00e9es prendre ?\u200b"},"content":{"rendered":"<h2 class=\"elementor-heading-title elementor-size-xl elementor-inline-editing pen\" data-elementor-setting-key=\"title\" data-pen-placeholder=\"\u00c9crivez ici...\" contenteditable=\"true\">3. Quelles donn\u00e9es prendre ?\u200b<\/h2>\n\n\n<p><\/p>\n\n\n\n<p><\/p>\n\n\n\n<p><\/p>\n\n\n\n<p><strong>Recueil obligatoire des donn\u00e9es \u00e0 partir de 20 heures<\/strong><br>Les \u00e9tablissements qui ont pris des mesures logistiques permettant la garantie du respect de la distance requise (cela signifie qu\u2019il y a une distance minimale de 1m50 entre chaque groupe de<br>personnes au bar ou de 1m50 entre chaque table) ne sont pas soumis \u00e0 l\u2019obligation de recueillir et v\u00e9rifier les donn\u00e9es de leurs clients avant l\u2019entr\u00e9e.<br><br>Les points 2. \u00e0 7. de la DCE du 15 juillet 2020 ne concernent donc que les \u00e9tablissements dans lesquels il n\u2019est pas possible de garantir la distance requise par des mesures logistiques.<\/p>\n\n\n\n<p><strong>Obligatorische Datenerfassung nach 20 Uhr<\/strong><br>Betriebe, die logistische Massnahmen getroffen haben, um die Einhaltung des erforderlichen Abstands zu garantieren (dies bedeutet einen Mindestabstand von 1m50 zwischen jeder Gruppe Personen an der Bar oder 1m50 zwischen den Tischen), sind nichtverpflichtet, die Kontaktdaten ihrer Kunden vor dem Eingang aufzunehmen und zu \u00fcberpr\u00fcfen.<br><br>Die Punkte 2 bis 7 des StRE vom 15. Juli 2020 betreffen somit nur Betriebe, in denen es nicht m\u00f6glich<br>ist, den erforderlichen Abstand anhand von logistischen Massnahmen einzuhalten<\/p>\n\n\n\n<p><\/p>\n\n\n\n<p><\/p>\n\n\n\n<p><\/p>","protected":false},"excerpt":{"rendered":"<p>3. Quelles donn\u00e9es prendre ?\u200b Recueil obligatoire des donn\u00e9es \u00e0 partir de 20 heuresLes \u00e9tablissements qui ont pris des mesures logistiques permettant la garantie du respect de la distance requise (cela signifie qu\u2019il y a une distance minimale de 1m50 entre chaque groupe depersonnes au bar ou de 1m50 entre chaque table) ne sont pas [&hellip;]<\/p>","protected":false},"author":1,"featured_media":0,"parent":0,"menu_order":0,"comment_status":"closed","ping_status":"closed","template":"","meta":{"_acf_changed":false,"footnotes":""},"class_list":["post-1199","page","type-page","status-publish","hentry"],"acf":[],"aioseo_notices":[],"_links":{"self":[{"href":"https:\/\/gastrovalais.ch\/de\/wp-json\/wp\/v2\/pages\/1199","targetHints":{"allow":["GET"]}}],"collection":[{"href":"https:\/\/gastrovalais.ch\/de\/wp-json\/wp\/v2\/pages"}],"about":[{"href":"https:\/\/gastrovalais.ch\/de\/wp-json\/wp\/v2\/types\/page"}],"author":[{"embeddable":true,"href":"https:\/\/gastrovalais.ch\/de\/wp-json\/wp\/v2\/users\/1"}],"replies":[{"embeddable":true,"href":"https:\/\/gastrovalais.ch\/de\/wp-json\/wp\/v2\/comments?post=1199"}],"version-history":[{"count":5,"href":"https:\/\/gastrovalais.ch\/de\/wp-json\/wp\/v2\/pages\/1199\/revisions"}],"predecessor-version":[{"id":1232,"href":"https:\/\/gastrovalais.ch\/de\/wp-json\/wp\/v2\/pages\/1199\/revisions\/1232"}],"wp:attachment":[{"href":"https:\/\/gastrovalais.ch\/de\/wp-json\/wp\/v2\/media?parent=1199"}],"curies":[{"name":"wp","href":"https:\/\/api.w.org\/{rel}","templated":true}]}}