{"id":1204,"date":"2020-07-18T09:30:28","date_gmt":"2020-07-18T07:30:28","guid":{"rendered":"https:\/\/gastrovalais.ch\/?page_id=1204"},"modified":"2020-07-18T11:59:32","modified_gmt":"2020-07-18T09:59:32","slug":"qui-est-concerne","status":"publish","type":"page","link":"https:\/\/gastrovalais.ch\/de\/qui-est-concerne\/","title":{"rendered":"Qui est concern\u00e9 ?"},"content":{"rendered":"<h2 class=\"elementor-heading-title elementor-size-xl\">Qui est concern\u00e9 ?<\/h2>\n\n\n<p><\/p>\n\n\n\n<p><\/p>\n\n\n\n<p><\/p>\n\n\n\n<p><strong>\u00c9tablissements concern\u00e9s<\/strong><br>Afin d\u2019atteindre le but de la d\u00e9cision en cr\u00e9ant lemoins de complications possible, le Conseil d\u2019Etat pr\u00e9cise ce qui suit.<br><br>Les \u00e9tablissements de restauration qui disposent exclusivement de places assises \u00e0 table ne sont pas concern\u00e9s par le point 1. de la DCE du 15 juillet 2020 dans la mesure o\u00f9 le risque de propagation (superspreader p.ex.) reste mesur\u00e9 et contr\u00f4l\u00e9 dansune configuration assise.<br><br>Les \u00e9tablissements qui disposent des surfaces et des installations n\u00e9cessaires permettant de cr\u00e9er des espaces distincts garantissant le respect de ladistance requise et l\u2019\u00e9vitement du m\u00e9lange des<br>groupes de clients sont autoris\u00e9s \u00e0 accueillir jusqu\u2019\u00e0 100 personnes par espace distinct.<\/p>\n\n\n\n<p><br><strong>Betroffenen Einrichtungen<\/strong><br>Damit dieser Entscheid sein Ziel erreicht und dabeiso wenig Komplikationen wie m\u00f6glich entstehen,<br>pr\u00e4zisiert der Staatsrat folgendes:<br><br>Restaurationsbetriebe, die ausschliesslich \u00fcber Sitzpl\u00e4tze an Tischen verf\u00fcgen, sind von Punkt 1 des StRE vom 15. Juli 2020 insofern nicht betroffen, als dass das Verbreitungsrisiko (z.B. Superspreader) bei einer Bestuhlung mess- und kontrollierbar ist.<br><br>Betrieben mit den n\u00f6tigen Fl\u00e4chen und Installationen, um R\u00e4ume abzutrennen, in denen der erforderliche Abstand eingehalten und die Vermischung von Kundengruppen garantiert vermieden<br>werden kann, ist es erlaubt, bis zu 100 Personen pro abgesondertem Raum zu empfangen.<\/p>\n\n\n\n<p><\/p>\n\n\n\n<p><\/p>","protected":false},"excerpt":{"rendered":"<p>Qui est concern\u00e9 ? \u00c9tablissements concern\u00e9sAfin d\u2019atteindre le but de la d\u00e9cision en cr\u00e9ant lemoins de complications possible, le Conseil d\u2019Etat pr\u00e9cise ce qui suit. Les \u00e9tablissements de restauration qui disposent exclusivement de places assises \u00e0 table ne sont pas concern\u00e9s par le point 1. de la DCE du 15 juillet 2020 dans la mesure [&hellip;]<\/p>","protected":false},"author":1,"featured_media":0,"parent":0,"menu_order":0,"comment_status":"closed","ping_status":"closed","template":"","meta":{"_acf_changed":false,"footnotes":""},"class_list":["post-1204","page","type-page","status-publish","hentry"],"acf":[],"aioseo_notices":[],"_links":{"self":[{"href":"https:\/\/gastrovalais.ch\/de\/wp-json\/wp\/v2\/pages\/1204","targetHints":{"allow":["GET"]}}],"collection":[{"href":"https:\/\/gastrovalais.ch\/de\/wp-json\/wp\/v2\/pages"}],"about":[{"href":"https:\/\/gastrovalais.ch\/de\/wp-json\/wp\/v2\/types\/page"}],"author":[{"embeddable":true,"href":"https:\/\/gastrovalais.ch\/de\/wp-json\/wp\/v2\/users\/1"}],"replies":[{"embeddable":true,"href":"https:\/\/gastrovalais.ch\/de\/wp-json\/wp\/v2\/comments?post=1204"}],"version-history":[{"count":4,"href":"https:\/\/gastrovalais.ch\/de\/wp-json\/wp\/v2\/pages\/1204\/revisions"}],"predecessor-version":[{"id":1231,"href":"https:\/\/gastrovalais.ch\/de\/wp-json\/wp\/v2\/pages\/1204\/revisions\/1231"}],"wp:attachment":[{"href":"https:\/\/gastrovalais.ch\/de\/wp-json\/wp\/v2\/media?parent=1204"}],"curies":[{"name":"wp","href":"https:\/\/api.w.org\/{rel}","templated":true}]}}