{"id":1213,"date":"2020-07-18T09:35:42","date_gmt":"2020-07-18T07:35:42","guid":{"rendered":"https:\/\/gastrovalais.ch\/?page_id=1213"},"modified":"2020-07-18T12:06:39","modified_gmt":"2020-07-18T10:06:39","slug":"qui-controle-%e2%80%8b","status":"publish","type":"page","link":"https:\/\/gastrovalais.ch\/de\/qui-controle-%e2%80%8b\/","title":{"rendered":"Qui contr\u00f4le ?\u200b"},"content":{"rendered":"<h2 class=\"elementor-heading-title elementor-size-xl elementor-inline-editing pen\" data-elementor-setting-key=\"title\" data-pen-placeholder=\"\u00c9crivez ici...\" contenteditable=\"true\">Qui contr\u00f4le ?\u200b<\/h2>\n\n\n<p><\/p>\n\n\n\n<p><\/p>\n\n\n\n<p><\/p>\n\n\n\n<p><strong>Contr\u00f4le de l\u2019application<\/strong><br>Suite aux nouvelles directives de la Conf\u00e9d\u00e9ration en mati\u00e8re de contr\u00f4le des mesures de protection, le Canton du Valais a arr\u00eat\u00e9 une proc\u00e9dure qui donne la responsabilit\u00e9 g\u00e9n\u00e9rale des contr\u00f4les des \u00e9tablissements publics \u00e0 l\u2019Autorit\u00e9 communale par la Police municipale pour les contr\u00f4les sur le terrain (art. 12 de la Loi cantonale sur la sant\u00e9).<br><br>En cas de doutes quant \u00e0 l\u2019existence d\u2019un foyer de propagation du virus, l\u2019exploitant qui est astreint \u00e0 recueillir les coordonn\u00e9es de ses clients en lien avec la configuration de son \u00e9tablissement peut \u00eatre appel\u00e9 \u00e0 fournir la liste dans les deux heures suivant la requ\u00eate du m\u00e9decin cantonal ou de ses rempla\u00e7ants.<\/p>\n\n\n\n<p><strong>Anwendungskontrolle<\/strong><br>Infolge der neuen Weisungen des Bundes \u00fcber die Kontrolle der Schutzmassnahmen, erliess der Kanton Wallis ein Verfahren, bei dem die allgemeineVerantwortung f\u00fcr die Kontrolle der \u00f6ffentlichen<br>Betriebe der Gemeindebeh\u00f6rde durch die Gemeindepolizei f\u00fcr Kontrollen vor Ort \u00fcbertragen wurde (Art. 12 des kantonalen Gesundheitsgesetzes).<\/p>\n\n\n\n<p>Bei Zweifel \u00fcber einen vorhandenen Virenverbreitungsherd kann der Betreiber, der die Kontaktdaten seiner Kunden in Zusammenhang mit der Bestuhlung seines Betriebs sammeln muss, ersucht werden, die G\u00e4steliste innert zweier Stunden nach der Anfrage durch den Kantonsarzt oder dessen Stellvertreter zu liefern.<\/p>\n\n\n\n<p><\/p>\n\n\n\n<p><\/p>\n\n\n\n<p><\/p>","protected":false},"excerpt":{"rendered":"<p>Qui contr\u00f4le ?\u200b Contr\u00f4le de l\u2019applicationSuite aux nouvelles directives de la Conf\u00e9d\u00e9ration en mati\u00e8re de contr\u00f4le des mesures de protection, le Canton du Valais a arr\u00eat\u00e9 une proc\u00e9dure qui donne la responsabilit\u00e9 g\u00e9n\u00e9rale des contr\u00f4les des \u00e9tablissements publics \u00e0 l\u2019Autorit\u00e9 communale par la Police municipale pour les contr\u00f4les sur le terrain (art. 12 de la [&hellip;]<\/p>","protected":false},"author":1,"featured_media":0,"parent":0,"menu_order":0,"comment_status":"closed","ping_status":"closed","template":"","meta":{"_acf_changed":false,"footnotes":""},"class_list":["post-1213","page","type-page","status-publish","hentry"],"acf":[],"aioseo_notices":[],"_links":{"self":[{"href":"https:\/\/gastrovalais.ch\/de\/wp-json\/wp\/v2\/pages\/1213","targetHints":{"allow":["GET"]}}],"collection":[{"href":"https:\/\/gastrovalais.ch\/de\/wp-json\/wp\/v2\/pages"}],"about":[{"href":"https:\/\/gastrovalais.ch\/de\/wp-json\/wp\/v2\/types\/page"}],"author":[{"embeddable":true,"href":"https:\/\/gastrovalais.ch\/de\/wp-json\/wp\/v2\/users\/1"}],"replies":[{"embeddable":true,"href":"https:\/\/gastrovalais.ch\/de\/wp-json\/wp\/v2\/comments?post=1213"}],"version-history":[{"count":2,"href":"https:\/\/gastrovalais.ch\/de\/wp-json\/wp\/v2\/pages\/1213\/revisions"}],"predecessor-version":[{"id":1233,"href":"https:\/\/gastrovalais.ch\/de\/wp-json\/wp\/v2\/pages\/1213\/revisions\/1233"}],"wp:attachment":[{"href":"https:\/\/gastrovalais.ch\/de\/wp-json\/wp\/v2\/media?parent=1213"}],"curies":[{"name":"wp","href":"https:\/\/api.w.org\/{rel}","templated":true}]}}