{"id":838,"date":"2020-05-17T08:59:14","date_gmt":"2020-05-17T06:59:14","guid":{"rendered":"http:\/\/od8nyactbo.preview.infomaniak.website\/?page_id=838"},"modified":"2026-03-30T14:31:43","modified_gmt":"2026-03-30T12:31:43","slug":"loginmembres","status":"publish","type":"page","link":"https:\/\/gastrovalais.ch\/de\/membres\/loginmembres\/","title":{"rendered":"Login membres"},"content":{"rendered":"<div data-elementor-type=\"wp-page\" data-elementor-id=\"838\" class=\"elementor elementor-838\">\n\t\t\t\t\t\t<section class=\"elementor-section elementor-top-section elementor-element elementor-element-40ef9e92 elementor-section-boxed elementor-section-height-default elementor-section-height-default\" data-id=\"40ef9e92\" data-element_type=\"section\" data-settings=\"{&quot;jet_parallax_layout_list&quot;:[{&quot;jet_parallax_layout_image&quot;:{&quot;url&quot;:&quot;&quot;,&quot;id&quot;:&quot;&quot;,&quot;size&quot;:&quot;&quot;},&quot;_id&quot;:&quot;07e2682&quot;,&quot;jet_parallax_layout_image_tablet&quot;:{&quot;url&quot;:&quot;&quot;,&quot;id&quot;:&quot;&quot;,&quot;size&quot;:&quot;&quot;},&quot;jet_parallax_layout_image_mobile&quot;:{&quot;url&quot;:&quot;&quot;,&quot;id&quot;:&quot;&quot;,&quot;size&quot;:&quot;&quot;},&quot;jet_parallax_layout_speed&quot;:{&quot;unit&quot;:&quot;%&quot;,&quot;size&quot;:50,&quot;sizes&quot;:[]},&quot;jet_parallax_layout_type&quot;:&quot;scroll&quot;,&quot;jet_parallax_layout_direction&quot;:null,&quot;jet_parallax_layout_fx_direction&quot;:null,&quot;jet_parallax_layout_z_index&quot;:&quot;&quot;,&quot;jet_parallax_layout_bg_x&quot;:50,&quot;jet_parallax_layout_bg_x_tablet&quot;:&quot;&quot;,&quot;jet_parallax_layout_bg_x_mobile&quot;:&quot;&quot;,&quot;jet_parallax_layout_bg_y&quot;:50,&quot;jet_parallax_layout_bg_y_tablet&quot;:&quot;&quot;,&quot;jet_parallax_layout_bg_y_mobile&quot;:&quot;&quot;,&quot;jet_parallax_layout_bg_size&quot;:&quot;auto&quot;,&quot;jet_parallax_layout_bg_size_tablet&quot;:&quot;&quot;,&quot;jet_parallax_layout_bg_size_mobile&quot;:&quot;&quot;,&quot;jet_parallax_layout_animation_prop&quot;:&quot;transform&quot;,&quot;jet_parallax_layout_on&quot;:[&quot;desktop&quot;,&quot;tablet&quot;]}],&quot;background_background&quot;:&quot;classic&quot;}\">\n\t\t\t\t\t\t<div class=\"elementor-container elementor-column-gap-default\">\n\t\t\t\t\t<div class=\"elementor-column elementor-col-50 elementor-top-column elementor-element elementor-element-74ab2bb6\" data-id=\"74ab2bb6\" data-element_type=\"column\">\n\t\t\t<div class=\"elementor-widget-wrap elementor-element-populated\">\n\t\t\t\t\t\t<div class=\"elementor-element elementor-element-67c19ab9 elementor-tablet-align-center elementor-align-left elementor-widget elementor-widget-raven-heading\" data-id=\"67c19ab9\" data-element_type=\"widget\" data-widget_type=\"raven-heading.default\">\n\t\t\t\t<div class=\"elementor-widget-container\">\n\t\t\t\t\t\t\t<div class=\"raven-widget-wrapper\"><h2 class=\"raven-heading raven-heading-h2\"><span class=\"raven-heading-title\">Der Zutritt ist nur f\u00fcr Mitglieder reserviert<\/span><\/h2><\/div>\n\t\t\t\t\t\t<\/div>\n\t\t\t\t<\/div>\n\t\t\t\t<div class=\"elementor-element elementor-element-0c2fd95 raven-form-button-align-spaced elementor-widget elementor-widget-raven-form\" data-id=\"0c2fd95\" data-element_type=\"widget\" data-settings=\"{&quot;fields&quot;:[{&quot;type&quot;:&quot;email&quot;,&quot;placeholder&quot;:&quot;Votre email :&quot;,&quot;required&quot;:&quot;true&quot;,&quot;_id&quot;:&quot;6ab2009&quot;,&quot;acceptance_text&quot;:null,&quot;localization&quot;:null,&quot;field_custom_id&quot;:&quot;6ab2009&quot;,&quot;step_previous_button&quot;:null,&quot;step_next_button&quot;:null,&quot;label&quot;:&quot;&quot;,&quot;recaptcha_badge&quot;:null,&quot;recaptcha_theme&quot;:null,&quot;recaptcha_size&quot;:null,&quot;checked_by_default&quot;:null,&quot;min_time&quot;:null,&quot;max_time&quot;:null,&quot;min_date&quot;:null,&quot;max_date&quot;:null,&quot;min&quot;:null,&quot;max&quot;:null,&quot;field_options&quot;:null,&quot;inline_list&quot;:null,&quot;field_html&quot;:null,&quot;native_html5&quot;:null,&quot;multiple_selection&quot;:null,&quot;rows&quot;:null,&quot;iti_tel&quot;:null,&quot;iti_tel_tel_type&quot;:null,&quot;iti_tel_require_area&quot;:null,&quot;iti_tel_allow_dropdown&quot;:null,&quot;iti_tel_country_include&quot;:null,&quot;iti_tel_ip_detect&quot;:null,&quot;iti_tel_internationalize&quot;:null,&quot;file_sizes&quot;:null,&quot;file_types&quot;:null,&quot;allow_multiple_upload&quot;:null,&quot;max_files&quot;:null,&quot;step_icon&quot;:null,&quot;width&quot;:&quot;100&quot;,&quot;field_value&quot;:&quot;&quot;},{&quot;type&quot;:&quot;acceptance&quot;,&quot;placeholder&quot;:null,&quot;_id&quot;:&quot;1a93ad6&quot;,&quot;acceptance_text&quot;:&quot;Je confirme \\u00eatre un membre Gastrovalais&quot;,&quot;localization&quot;:null,&quot;required&quot;:&quot;true&quot;,&quot;width&quot;:&quot;&quot;,&quot;field_custom_id&quot;:&quot;1a93ad6&quot;,&quot;step_previous_button&quot;:null,&quot;step_next_button&quot;:null,&quot;label&quot;:&quot;&quot;,&quot;recaptcha_badge&quot;:null,&quot;recaptcha_theme&quot;:null,&quot;recaptcha_size&quot;:null,&quot;checked_by_default&quot;:&quot;&quot;,&quot;min_time&quot;:null,&quot;max_time&quot;:null,&quot;min_date&quot;:null,&quot;max_date&quot;:null,&quot;min&quot;:null,&quot;max&quot;:null,&quot;field_options&quot;:null,&quot;inline_list&quot;:null,&quot;field_html&quot;:null,&quot;native_html5&quot;:null,&quot;multiple_selection&quot;:null,&quot;rows&quot;:null,&quot;iti_tel&quot;:null,&quot;iti_tel_tel_type&quot;:null,&quot;iti_tel_require_area&quot;:null,&quot;iti_tel_allow_dropdown&quot;:null,&quot;iti_tel_country_include&quot;:null,&quot;iti_tel_ip_detect&quot;:null,&quot;iti_tel_internationalize&quot;:null,&quot;file_sizes&quot;:null,&quot;file_types&quot;:null,&quot;allow_multiple_upload&quot;:null,&quot;max_files&quot;:null,&quot;step_icon&quot;:null,&quot;field_value&quot;:null}],&quot;steps_type&quot;:&quot;number&quot;,&quot;steps_icon_shape&quot;:&quot;circle&quot;}\" data-widget_type=\"raven-form.default\">\n\t\t\t\t<div class=\"elementor-widget-container\">\n\t\t\t\t\t\t\t<form class=\"raven-form raven-flex raven-flex-wrap raven-flex-bottom raven-hide-required-mark\" method=\"post\" name=\"Membres\" action=\"\">\n\t\t\t<input type=\"hidden\" name=\"post_id\" value=\"838\" \/>\n\t\t\t<input type=\"hidden\" name=\"form_id\" value=\"0c2fd95\" \/>\n\t\t\t\t\t<div id=\"raven-field-group-6ab2009\" class=\"raven-flex-wrap raven-field-type-email raven-field-group elementor-column elementor-col-100 raven-field-required\">\n\t\t\t\t\t<input\n\t\t\toninput=\"onInvalidRavenFormField(event)\"\n\t\t\toninvalid=\"onInvalidRavenFormField(event)\"\n\t\t\ttype=\"email\" name=\"fields[6ab2009]\" id=\"form-field-6ab2009\" class=\"raven-field\" placeholder=\"Ihr email :\" data-type=\"email\" data-custom-id=\"6ab2009\" required=\"required\">\n\t\t\t\t<\/div>\n\t\t\t\t<div id=\"raven-field-group-1a93ad6\" class=\"raven-flex-wrap raven-field-type-acceptance raven-field-group elementor-column elementor-col- raven-field-required\">\n\t\t\t\t\t<div class=\"raven-field-subgroup\">\n\t\t\t<span class=\"raven-field-option raven-field-option-checkbox\">\n\t\t\t\t<input\n\t\t\t\t\toninput=\"onInvalidRavenFormField(event)\"\n\t\t\t\t\toninvalid=\"onInvalidRavenFormField(event)\"\n\t\t\t\t\ttype=\"checkbox\" name=\"fields[1a93ad6]\" id=\"form-field-1a93ad6-wjkf\" data-custom-id=\"1a93ad6\" required=\"required\"  class=\"raven-field\">\n\t\t\t\t<label\n\t\t\t\t\tfor=\"form-field-1a93ad6-wjkf\"\n\t\t\t\t\tclass=\"raven-field-label\">\n\t\t\t\t\tIch best\u00e4tige, Mitglied zu sein\t\t\t\t\t\t\t\t\t\t<\/label>\n\t\t\t<\/span>\n\t\t<\/div>\n\t\t\t\t<\/div>\n\t\t\t\t\t\t\t<div class=\"raven-field-group raven-field-type-submit-button elementor-column elementor-col-33\">\n\t\t\t\t\t\t\t\t\t<button class=\"raven-submit-button\" type=\"submit\">\n\t\t\t\t\t\t<span>Best\u00e4tigen<\/span>\n\t\t<\/button>\n\t\t\t\t\t\t\t<\/div>\n\t\t\t\t<input type=\"hidden\" name=\"trp-form-language\" value=\"de\"\/><\/form>\n\n\t\t\t\t\t\t\t\t<\/div>\n\t\t\t\t<\/div>\n\t\t\t\t\t<\/div>\n\t\t<\/div>\n\t\t\t\t<div class=\"elementor-column elementor-col-50 elementor-top-column elementor-element elementor-element-332bdcf\" data-id=\"332bdcf\" data-element_type=\"column\">\n\t\t\t<div class=\"elementor-widget-wrap elementor-element-populated\">\n\t\t\t\t\t\t<div class=\"elementor-element elementor-element-2c053ba elementor-widget elementor-widget-spacer\" data-id=\"2c053ba\" data-element_type=\"widget\" data-widget_type=\"spacer.default\">\n\t\t\t\t<div class=\"elementor-widget-container\">\n\t\t\t\t\t\t\t<div class=\"elementor-spacer\">\n\t\t\t<div class=\"elementor-spacer-inner\"><\/div>\n\t\t<\/div>\n\t\t\t\t\t\t<\/div>\n\t\t\t\t<\/div>\n\t\t\t\t<div class=\"elementor-element elementor-element-78683c90 elementor-align-center elementor-widget elementor-widget-raven-heading\" data-id=\"78683c90\" data-element_type=\"widget\" data-widget_type=\"raven-heading.default\">\n\t\t\t\t<div class=\"elementor-widget-container\">\n\t\t\t\t\t\t\t<div class=\"raven-widget-wrapper\"><p class=\"raven-heading raven-heading-p\"><span class=\"raven-heading-title\">M\u00f6chten Sie mitmachen und viele Vorteile zu geniessen ?<\/span><\/p><\/div>\n\t\t\t\t\t\t<\/div>\n\t\t\t\t<\/div>\n\t\t\t\t<div class=\"elementor-element elementor-element-565ed8ac elementor-align-center elementor-widget elementor-widget-raven-heading\" data-id=\"565ed8ac\" data-element_type=\"widget\" data-widget_type=\"raven-heading.default\">\n\t\t\t\t<div class=\"elementor-widget-container\">\n\t\t\t\t\t\t\t<div class=\"raven-widget-wrapper\"><h5 class=\"raven-heading raven-heading-h5\"><a href=\"http:\/\/gastrovalais.ch\/de\/membres\/#adhesion\"><span class=\"raven-heading-title\">Beitrittsgesuch<\/span><\/a><\/h5><\/div>\n\t\t\t\t\t\t<\/div>\n\t\t\t\t<\/div>\n\t\t\t\t\t<\/div>\n\t\t<\/div>\n\t\t\t\t\t<\/div>\n\t\t<\/section>\n\t\t\t\t<section class=\"elementor-section elementor-top-section elementor-element elementor-element-48f5057e elementor-section-boxed elementor-section-height-default elementor-section-height-default\" data-id=\"48f5057e\" data-element_type=\"section\" data-settings=\"{&quot;jet_parallax_layout_list&quot;:[{&quot;jet_parallax_layout_image&quot;:{&quot;url&quot;:&quot;&quot;,&quot;id&quot;:&quot;&quot;,&quot;size&quot;:&quot;&quot;},&quot;_id&quot;:&quot;07e2682&quot;,&quot;jet_parallax_layout_image_tablet&quot;:{&quot;url&quot;:&quot;&quot;,&quot;id&quot;:&quot;&quot;,&quot;size&quot;:&quot;&quot;},&quot;jet_parallax_layout_image_mobile&quot;:{&quot;url&quot;:&quot;&quot;,&quot;id&quot;:&quot;&quot;,&quot;size&quot;:&quot;&quot;},&quot;jet_parallax_layout_speed&quot;:{&quot;unit&quot;:&quot;%&quot;,&quot;size&quot;:50,&quot;sizes&quot;:[]},&quot;jet_parallax_layout_type&quot;:&quot;scroll&quot;,&quot;jet_parallax_layout_direction&quot;:null,&quot;jet_parallax_layout_fx_direction&quot;:null,&quot;jet_parallax_layout_z_index&quot;:&quot;&quot;,&quot;jet_parallax_layout_bg_x&quot;:50,&quot;jet_parallax_layout_bg_x_tablet&quot;:&quot;&quot;,&quot;jet_parallax_layout_bg_x_mobile&quot;:&quot;&quot;,&quot;jet_parallax_layout_bg_y&quot;:50,&quot;jet_parallax_layout_bg_y_tablet&quot;:&quot;&quot;,&quot;jet_parallax_layout_bg_y_mobile&quot;:&quot;&quot;,&quot;jet_parallax_layout_bg_size&quot;:&quot;auto&quot;,&quot;jet_parallax_layout_bg_size_tablet&quot;:&quot;&quot;,&quot;jet_parallax_layout_bg_size_mobile&quot;:&quot;&quot;,&quot;jet_parallax_layout_animation_prop&quot;:&quot;transform&quot;,&quot;jet_parallax_layout_on&quot;:[&quot;desktop&quot;,&quot;tablet&quot;]}],&quot;background_background&quot;:&quot;classic&quot;}\">\n\t\t\t\t\t\t<div class=\"elementor-container elementor-column-gap-default\">\n\t\t\t\t\t<div class=\"elementor-column elementor-col-100 elementor-top-column elementor-element elementor-element-f38be04\" data-id=\"f38be04\" data-element_type=\"column\">\n\t\t\t<div class=\"elementor-widget-wrap\">\n\t\t\t\t\t\t\t<\/div>\n\t\t<\/div>\n\t\t\t\t\t<\/div>\n\t\t<\/section>\n\t\t\t\t<\/div>","protected":false},"excerpt":{"rendered":"<p>L&rsquo;acc\u00e8s \u00e0 cet espace est r\u00e9serv\u00e9 uniquement aux membres Je confirme \u00eatre un membre Gastrovalais VALIDER envie de nous rejoindre pour profiter de nombreux avantages ? Demande d&rsquo;adh\u00e9sion<\/p>","protected":false},"author":1,"featured_media":0,"parent":4185,"menu_order":0,"comment_status":"closed","ping_status":"closed","template":"","meta":{"_acf_changed":false,"footnotes":""},"class_list":["post-838","page","type-page","status-publish","hentry"],"acf":[],"aioseo_notices":[],"_links":{"self":[{"href":"https:\/\/gastrovalais.ch\/de\/wp-json\/wp\/v2\/pages\/838","targetHints":{"allow":["GET"]}}],"collection":[{"href":"https:\/\/gastrovalais.ch\/de\/wp-json\/wp\/v2\/pages"}],"about":[{"href":"https:\/\/gastrovalais.ch\/de\/wp-json\/wp\/v2\/types\/page"}],"author":[{"embeddable":true,"href":"https:\/\/gastrovalais.ch\/de\/wp-json\/wp\/v2\/users\/1"}],"replies":[{"embeddable":true,"href":"https:\/\/gastrovalais.ch\/de\/wp-json\/wp\/v2\/comments?post=838"}],"version-history":[{"count":23,"href":"https:\/\/gastrovalais.ch\/de\/wp-json\/wp\/v2\/pages\/838\/revisions"}],"predecessor-version":[{"id":4539,"href":"https:\/\/gastrovalais.ch\/de\/wp-json\/wp\/v2\/pages\/838\/revisions\/4539"}],"up":[{"embeddable":true,"href":"https:\/\/gastrovalais.ch\/de\/wp-json\/wp\/v2\/pages\/4185"}],"wp:attachment":[{"href":"https:\/\/gastrovalais.ch\/de\/wp-json\/wp\/v2\/media?parent=838"}],"curies":[{"name":"wp","href":"https:\/\/api.w.org\/{rel}","templated":true}]}}